{"id":378,"date":"2022-08-14T23:03:59","date_gmt":"2022-08-14T21:03:59","guid":{"rendered":"https:\/\/enpamira.com\/?page_id=378"},"modified":"2024-09-20T17:20:30","modified_gmt":"2024-09-20T15:20:30","slug":"home","status":"publish","type":"page","link":"https:\/\/enpamira.com\/","title":{"rendered":"Home"},"content":{"rendered":"\n<hr class=\"wp-block-separator has-alpha-channel-opacity is-style-wide\"\/>\n\n\n\n<div class=\"wp-block-columns is-layout-flex wp-container-core-columns-is-layout-9d6595d7 wp-block-columns-is-layout-flex\">\n<div class=\"wp-block-column is-layout-flow wp-block-column-is-layout-flow\"><div class=\"wp-block-image is-style-rounded\">\n<figure class=\"aligncenter size-full is-resized\"><img loading=\"lazy\" decoding=\"async\" width=\"512\" height=\"512\" src=\"https:\/\/enpamira.com\/wp-content\/uploads\/2022\/07\/cropped-ENPA-LOGO.png\" alt=\"\" class=\"wp-image-19\" style=\"width:175px;height:175px\" srcset=\"https:\/\/enpamira.com\/wp-content\/uploads\/2022\/07\/cropped-ENPA-LOGO.png 512w, https:\/\/enpamira.com\/wp-content\/uploads\/2022\/07\/cropped-ENPA-LOGO-300x300.png 300w, https:\/\/enpamira.com\/wp-content\/uploads\/2022\/07\/cropped-ENPA-LOGO-150x150.png 150w, https:\/\/enpamira.com\/wp-content\/uploads\/2022\/07\/cropped-ENPA-LOGO-270x270.png 270w, https:\/\/enpamira.com\/wp-content\/uploads\/2022\/07\/cropped-ENPA-LOGO-192x192.png 192w, https:\/\/enpamira.com\/wp-content\/uploads\/2022\/07\/cropped-ENPA-LOGO-180x180.png 180w, https:\/\/enpamira.com\/wp-content\/uploads\/2022\/07\/cropped-ENPA-LOGO-32x32.png 32w\" sizes=\"auto, (max-width: 512px) 100vw, 512px\" \/><\/figure>\n<\/div><\/div>\n\n\n\n<div class=\"wp-block-column is-layout-flow wp-block-column-is-layout-flow\">\n<p class=\"has-text-align-center has-large-font-size\">Benvenuti nel sito dell&#8217;<strong>E<\/strong>nte <strong>N<\/strong>azionale <strong>P<\/strong>rotezione <strong>A<\/strong>nimali sezione di Mira.<\/p>\n\n\n\n<p><\/p>\n<\/div>\n<\/div>\n\n\n\n<p class=\"has-text-align-center has-medium-font-size\">L&#8217;Enpa sezione di Mira dal 2013 gestisce il proprio Rifugio, ospitando cani e gatti dei Comuni della Riviera del Brenta e dal 2022, ha in gestione il nuovo Rifugio Comunale di San Giuliano Mestre.<\/p>\n\n\n\n<p class=\"has-text-align-center has-medium-font-size\">L&#8217;Ente Nazionale per la Protezione degli Animali \u00e8 la pi\u00f9 antica e la pi\u00f9 grande associazione animalista italiana. Nasce nell\u2019aprile 1871 quando a Torino Giuseppe Garibaldi, Anna Winter e Timoteo Riboli costituirono la \u201cSociet\u00e0 Protettrice degli Animali contro i mali trattamenti che subiscono dai guardiani e dai conducenti\u201d.<\/p>\n\n\n\n<hr class=\"wp-block-separator has-alpha-channel-opacity is-style-wide\"\/>\n\n\n\n<h2 class=\"wp-block-heading has-text-align-center\">Apericena a 4 zampe<\/h2>\n\n\n\n<p class=\"has-text-align-center\"><img loading=\"lazy\" decoding=\"async\" height=\"16\" width=\"16\" src=\"https:\/\/static.xx.fbcdn.net\/images\/emoji.php\/v9\/tde\/1\/16\/1f43e.png\" alt=\"\ud83d\udc3e\">Ad una serata cos\u00ec, non potete mancare!<img loading=\"lazy\" decoding=\"async\" height=\"16\" width=\"16\" src=\"https:\/\/static.xx.fbcdn.net\/images\/emoji.php\/v9\/tde\/1\/16\/1f43e.png\" alt=\"\ud83d\udc3e\"><br>Ecco una golosissima occasione per aiutare i tanti ospiti dei Rifugi Enpa e 4 Zampe in Riviera di Mira.<br>Vi aspettiamo per una ricchissima APERICENA A 4 ZAMPE!<br><br><em><strong>Sabato 28 settembre, dalle ore 18.30 presso l\u2019OSTERIA AE PORTE, in via Don Minzoni, affacciati sulla bellissima piazzetta di Mira Porte.<\/strong><\/em><\/p>\n\n\n\n<p class=\"has-text-align-center\">Trascorrendo qualche ora in compagnia, aiuterete concretamente le nostre Associazioni nel quotidiano lavoro in favore di tantissimi animali sfortunati.<br><strong>Vi aspettiamo!!!!<\/strong><\/p>\n\n\n<div class=\"wp-block-image\">\n<figure class=\"aligncenter size-large is-resized\"><img loading=\"lazy\" decoding=\"async\" width=\"724\" height=\"1024\" src=\"https:\/\/enpamira.com\/wp-content\/uploads\/2024\/09\/460598976_932252535597388_5843191094438057800_n-724x1024.jpg\" alt=\"\" class=\"wp-image-1448\" style=\"width:395px;height:auto\" srcset=\"https:\/\/enpamira.com\/wp-content\/uploads\/2024\/09\/460598976_932252535597388_5843191094438057800_n-724x1024.jpg 724w, https:\/\/enpamira.com\/wp-content\/uploads\/2024\/09\/460598976_932252535597388_5843191094438057800_n-212x300.jpg 212w, https:\/\/enpamira.com\/wp-content\/uploads\/2024\/09\/460598976_932252535597388_5843191094438057800_n-768x1086.jpg 768w, https:\/\/enpamira.com\/wp-content\/uploads\/2024\/09\/460598976_932252535597388_5843191094438057800_n-1086x1536.jpg 1086w, https:\/\/enpamira.com\/wp-content\/uploads\/2024\/09\/460598976_932252535597388_5843191094438057800_n-676x956.jpg 676w, https:\/\/enpamira.com\/wp-content\/uploads\/2024\/09\/460598976_932252535597388_5843191094438057800_n.jpg 1414w\" sizes=\"auto, (max-width: 724px) 100vw, 724px\" \/><\/figure>\n<\/div>\n\n\n<hr class=\"wp-block-separator has-alpha-channel-opacity\"\/>\n\n\n\n<h2 class=\"wp-block-heading has-text-align-center\">Sono arrivate le uova pasquali&#8230;<\/h2>\n\n\n\n<p>Domenica 3 marzo 2024, GIORNATA del SOCIO ENPA.<\/p>\n\n\n\n<p><em><strong>Chi \u00e8 il socio Enpa?<\/strong><\/em><br>Semplicemente un cittadino che sceglie di sostenere l\u2019associazione ed aiutarla a crescere.<\/p>\n\n\n\n<p>Non solo un aiuto economico (la quota di iscrizione di 25\u20ac \u00e8 interamente destinata agli animali) ma anche un aiuto sostanziale!!! <br>Perch\u00e9 iscriversi ad Enpa significa aiutarci a crescere, a dare voce agli animali, a portare avanti le tante battaglie in loro difesa.<\/p>\n\n\n\n<p>Per tutta la giornata di domenica, dalle 10.00 alle 17.00 potrai iscriverti passando direttamente in Rifugio, dove troverai anche le uova pasquali. Non riesci a passare in rifugio? Puoi iscriverti anche inviando una <a href=\"https:\/\/www.facebook.com\/profile.php?id=100064379513907\">email<\/a> alla nostra sede.<\/p>\n\n\n\n<p class=\"has-text-align-center\">Ti aspettiamo, aiutaci ad aiutarli!!! <\/p>\n\n\n\n<figure class=\"wp-block-image size-full\"><img loading=\"lazy\" decoding=\"async\" width=\"734\" height=\"960\" src=\"https:\/\/enpamira.com\/wp-content\/uploads\/2024\/03\/429672383_796623179160325_8694364047793078455_n.jpg\" alt=\"\" class=\"wp-image-1368\" srcset=\"https:\/\/enpamira.com\/wp-content\/uploads\/2024\/03\/429672383_796623179160325_8694364047793078455_n.jpg 734w, https:\/\/enpamira.com\/wp-content\/uploads\/2024\/03\/429672383_796623179160325_8694364047793078455_n-229x300.jpg 229w, https:\/\/enpamira.com\/wp-content\/uploads\/2024\/03\/429672383_796623179160325_8694364047793078455_n-676x884.jpg 676w\" sizes=\"auto, (max-width: 734px) 100vw, 734px\" \/><\/figure>\n\n\n\n<hr class=\"wp-block-separator has-alpha-channel-opacity is-style-wide\"\/>\n\n\n\n<h2 class=\"wp-block-heading has-text-align-center\">5X1000 all&#8217;Enpa!<\/h2>\n\n\n\n<figure class=\"wp-block-image size-large\"><img loading=\"lazy\" decoding=\"async\" width=\"1024\" height=\"379\" src=\"https:\/\/enpamira.com\/wp-content\/uploads\/2022\/08\/17835079_10154589855913224_2408410357869546491_o-1024x379.jpg\" alt=\"\" class=\"wp-image-431\" srcset=\"https:\/\/enpamira.com\/wp-content\/uploads\/2022\/08\/17835079_10154589855913224_2408410357869546491_o-1024x379.jpg 1024w, https:\/\/enpamira.com\/wp-content\/uploads\/2022\/08\/17835079_10154589855913224_2408410357869546491_o-300x111.jpg 300w, https:\/\/enpamira.com\/wp-content\/uploads\/2022\/08\/17835079_10154589855913224_2408410357869546491_o-768x284.jpg 768w, https:\/\/enpamira.com\/wp-content\/uploads\/2022\/08\/17835079_10154589855913224_2408410357869546491_o-150x56.jpg 150w, https:\/\/enpamira.com\/wp-content\/uploads\/2022\/08\/17835079_10154589855913224_2408410357869546491_o-250x93.jpg 250w, https:\/\/enpamira.com\/wp-content\/uploads\/2022\/08\/17835079_10154589855913224_2408410357869546491_o.jpg 1135w\" sizes=\"auto, (max-width: 1024px) 100vw, 1024px\" \/><\/figure>\n\n\n\n<hr class=\"wp-block-separator has-alpha-channel-opacity is-style-wide\"\/>\n\n\n\n<h2 class=\"wp-block-heading has-text-align-center\">Socio Enpa 2024!<\/h2>\n\n\n<div class=\"wp-block-image\">\n<figure class=\"aligncenter size-full is-resized\"><a href=\"https:\/\/www.comunicazioneiniziativeenpa.it\/diventa-socio-2024\/\"><img loading=\"lazy\" decoding=\"async\" width=\"300\" height=\"200\" src=\"https:\/\/enpamira.com\/wp-content\/uploads\/2024\/03\/tesseraEnpa2024-600x400-1-300x200-1.jpg\" alt=\"\" class=\"wp-image-1369\" style=\"width:378px;height:auto\"\/><\/a><\/figure>\n<\/div>\n\n<div class=\"wp-block-image\">\n<figure class=\"aligncenter size-full\"><img loading=\"lazy\" decoding=\"async\" width=\"154\" height=\"74\" src=\"https:\/\/enpamira.com\/wp-content\/uploads\/2023\/03\/Imjkjkjk-1.png\" alt=\"\" class=\"wp-image-843\"\/><\/figure>\n<\/div>\n\n\n<hr class=\"wp-block-separator has-alpha-channel-opacity is-style-wide\"\/>\n\n\n\n<ul class=\"wp-block-social-links aligncenter is-layout-flex wp-block-social-links-is-layout-flex\"><li class=\"wp-social-link wp-social-link-facebook  wp-block-social-link\"><a href=\"https:\/\/www.facebook.com\/profile.php?id=100064379513907\" class=\"wp-block-social-link-anchor\"><svg width=\"24\" height=\"24\" viewBox=\"0 0 24 24\" version=\"1.1\" xmlns=\"http:\/\/www.w3.org\/2000\/svg\" aria-hidden=\"true\" focusable=\"false\"><path d=\"M12 2C6.5 2 2 6.5 2 12c0 5 3.7 9.1 8.4 9.9v-7H7.9V12h2.5V9.8c0-2.5 1.5-3.9 3.8-3.9 1.1 0 2.2.2 2.2.2v2.5h-1.3c-1.2 0-1.6.8-1.6 1.6V12h2.8l-.4 2.9h-2.3v7C18.3 21.1 22 17 22 12c0-5.5-4.5-10-10-10z\"><\/path><\/svg><span class=\"wp-block-social-link-label screen-reader-text\">Facebook<\/span><\/a><\/li>\n\n<li class=\"wp-social-link wp-social-link-instagram  wp-block-social-link\"><a href=\"https:\/\/www.instagram.com\/rifugio_enpa_mira_mestre\/\" class=\"wp-block-social-link-anchor\"><svg width=\"24\" height=\"24\" viewBox=\"0 0 24 24\" version=\"1.1\" xmlns=\"http:\/\/www.w3.org\/2000\/svg\" aria-hidden=\"true\" focusable=\"false\"><path d=\"M12,4.622c2.403,0,2.688,0.009,3.637,0.052c0.877,0.04,1.354,0.187,1.671,0.31c0.42,0.163,0.72,0.358,1.035,0.673 c0.315,0.315,0.51,0.615,0.673,1.035c0.123,0.317,0.27,0.794,0.31,1.671c0.043,0.949,0.052,1.234,0.052,3.637 s-0.009,2.688-0.052,3.637c-0.04,0.877-0.187,1.354-0.31,1.671c-0.163,0.42-0.358,0.72-0.673,1.035 c-0.315,0.315-0.615,0.51-1.035,0.673c-0.317,0.123-0.794,0.27-1.671,0.31c-0.949,0.043-1.233,0.052-3.637,0.052 s-2.688-0.009-3.637-0.052c-0.877-0.04-1.354-0.187-1.671-0.31c-0.42-0.163-0.72-0.358-1.035-0.673 c-0.315-0.315-0.51-0.615-0.673-1.035c-0.123-0.317-0.27-0.794-0.31-1.671C4.631,14.688,4.622,14.403,4.622,12 s0.009-2.688,0.052-3.637c0.04-0.877,0.187-1.354,0.31-1.671c0.163-0.42,0.358-0.72,0.673-1.035 c0.315-0.315,0.615-0.51,1.035-0.673c0.317-0.123,0.794-0.27,1.671-0.31C9.312,4.631,9.597,4.622,12,4.622 M12,3 C9.556,3,9.249,3.01,8.289,3.054C7.331,3.098,6.677,3.25,6.105,3.472C5.513,3.702,5.011,4.01,4.511,4.511 c-0.5,0.5-0.808,1.002-1.038,1.594C3.25,6.677,3.098,7.331,3.054,8.289C3.01,9.249,3,9.556,3,12c0,2.444,0.01,2.751,0.054,3.711 c0.044,0.958,0.196,1.612,0.418,2.185c0.23,0.592,0.538,1.094,1.038,1.594c0.5,0.5,1.002,0.808,1.594,1.038 c0.572,0.222,1.227,0.375,2.185,0.418C9.249,20.99,9.556,21,12,21s2.751-0.01,3.711-0.054c0.958-0.044,1.612-0.196,2.185-0.418 c0.592-0.23,1.094-0.538,1.594-1.038c0.5-0.5,0.808-1.002,1.038-1.594c0.222-0.572,0.375-1.227,0.418-2.185 C20.99,14.751,21,14.444,21,12s-0.01-2.751-0.054-3.711c-0.044-0.958-0.196-1.612-0.418-2.185c-0.23-0.592-0.538-1.094-1.038-1.594 c-0.5-0.5-1.002-0.808-1.594-1.038c-0.572-0.222-1.227-0.375-2.185-0.418C14.751,3.01,14.444,3,12,3L12,3z M12,7.378 c-2.552,0-4.622,2.069-4.622,4.622S9.448,16.622,12,16.622s4.622-2.069,4.622-4.622S14.552,7.378,12,7.378z M12,15 c-1.657,0-3-1.343-3-3s1.343-3,3-3s3,1.343,3,3S13.657,15,12,15z M16.804,6.116c-0.596,0-1.08,0.484-1.08,1.08 s0.484,1.08,1.08,1.08c0.596,0,1.08-0.484,1.08-1.08S17.401,6.116,16.804,6.116z\"><\/path><\/svg><span class=\"wp-block-social-link-label screen-reader-text\">Instagram<\/span><\/a><\/li>\n\n<li class=\"wp-social-link wp-social-link-facebook  wp-block-social-link\"><a href=\"https:\/\/www.facebook.com\/profile.php?id=100083286702006\" class=\"wp-block-social-link-anchor\"><svg width=\"24\" height=\"24\" viewBox=\"0 0 24 24\" version=\"1.1\" xmlns=\"http:\/\/www.w3.org\/2000\/svg\" aria-hidden=\"true\" focusable=\"false\"><path d=\"M12 2C6.5 2 2 6.5 2 12c0 5 3.7 9.1 8.4 9.9v-7H7.9V12h2.5V9.8c0-2.5 1.5-3.9 3.8-3.9 1.1 0 2.2.2 2.2.2v2.5h-1.3c-1.2 0-1.6.8-1.6 1.6V12h2.8l-.4 2.9h-2.3v7C18.3 21.1 22 17 22 12c0-5.5-4.5-10-10-10z\"><\/path><\/svg><span class=\"wp-block-social-link-label screen-reader-text\">Facebook<\/span><\/a><\/li><\/ul>\n","protected":false},"excerpt":{"rendered":"<p>Benvenuti nel sito dell&#8217;Ente Nazionale Protezione Animali sezione di Mira. L&#8217;Enpa sezione di Mira dal 2013 gestisce il proprio Rifugio, ospitando cani e gatti dei Comuni della Riviera del Brenta e dal 2022, ha in gestione il nuovo Rifugio Comunale di San Giuliano Mestre. L&#8217;Ente Nazionale per la Protezione degli Animali \u00e8 la pi\u00f9 antica [&hellip;]<\/p>\n","protected":false},"author":1,"featured_media":0,"parent":0,"menu_order":0,"comment_status":"closed","ping_status":"closed","template":"","meta":{"footnotes":""},"class_list":["post-378","page","type-page","status-publish","hentry","post-preview"],"yoast_head":"<!-- This site is optimized with the Yoast SEO plugin v27.2 - https:\/\/yoast.com\/product\/yoast-seo-wordpress\/ -->\n<title>Home - Enpa Mira<\/title>\n<meta name=\"description\" content=\"Benvenuti nel sito dell&#039;Ente Nazionale Protezione Animali sezione di Mira.\" \/>\n<meta name=\"robots\" content=\"index, follow, max-snippet:-1, max-image-preview:large, max-video-preview:-1\" \/>\n<link rel=\"canonical\" href=\"https:\/\/enpamira.com\/\" \/>\n<meta property=\"og:locale\" content=\"it_IT\" \/>\n<meta property=\"og:type\" content=\"article\" \/>\n<meta property=\"og:title\" content=\"Home - Enpa Mira\" \/>\n<meta property=\"og:description\" content=\"Benvenuti nel sito dell&#039;Ente Nazionale Protezione Animali sezione di Mira.\" \/>\n<meta property=\"og:url\" content=\"https:\/\/enpamira.com\/\" \/>\n<meta property=\"og:site_name\" content=\"Enpa Mira\" \/>\n<meta property=\"article:publisher\" content=\"https:\/\/www.facebook.com\/Rifugio-ENPA-di-Mira-207730792746844\/\" \/>\n<meta property=\"article:modified_time\" content=\"2024-09-20T15:20:30+00:00\" \/>\n<meta property=\"og:image\" content=\"https:\/\/enpamira.com\/wp-content\/uploads\/2022\/07\/cropped-ENPA-LOGO.png\" \/>\n<meta name=\"twitter:card\" content=\"summary_large_image\" \/>\n<meta name=\"twitter:label1\" content=\"Tempo di lettura stimato\" \/>\n\t<meta name=\"twitter:data1\" content=\"4 minuti\" \/>\n<script type=\"application\/ld+json\" class=\"yoast-schema-graph\">{\"@context\":\"https:\/\/schema.org\",\"@graph\":[{\"@type\":\"WebPage\",\"@id\":\"https:\/\/enpamira.com\/\",\"url\":\"https:\/\/enpamira.com\/\",\"name\":\"Home - Enpa Mira\",\"isPartOf\":{\"@id\":\"https:\/\/enpamira.com\/#website\"},\"primaryImageOfPage\":{\"@id\":\"https:\/\/enpamira.com\/#primaryimage\"},\"image\":{\"@id\":\"https:\/\/enpamira.com\/#primaryimage\"},\"thumbnailUrl\":\"https:\/\/enpamira.com\/wp-content\/uploads\/2022\/07\/cropped-ENPA-LOGO.png\",\"datePublished\":\"2022-08-14T21:03:59+00:00\",\"dateModified\":\"2024-09-20T15:20:30+00:00\",\"description\":\"Benvenuti nel sito dell'Ente Nazionale Protezione Animali sezione di Mira.\",\"breadcrumb\":{\"@id\":\"https:\/\/enpamira.com\/#breadcrumb\"},\"inLanguage\":\"it-IT\",\"potentialAction\":[{\"@type\":\"ReadAction\",\"target\":[\"https:\/\/enpamira.com\/\"]}]},{\"@type\":\"ImageObject\",\"inLanguage\":\"it-IT\",\"@id\":\"https:\/\/enpamira.com\/#primaryimage\",\"url\":\"https:\/\/enpamira.com\/wp-content\/uploads\/2022\/07\/cropped-ENPA-LOGO.png\",\"contentUrl\":\"https:\/\/enpamira.com\/wp-content\/uploads\/2022\/07\/cropped-ENPA-LOGO.png\",\"width\":512,\"height\":512},{\"@type\":\"BreadcrumbList\",\"@id\":\"https:\/\/enpamira.com\/#breadcrumb\",\"itemListElement\":[{\"@type\":\"ListItem\",\"position\":1,\"name\":\"Home\",\"item\":\"https:\/\/enpamira.com\/\"},{\"@type\":\"ListItem\",\"position\":2,\"name\":\"Home\"}]},{\"@type\":\"WebSite\",\"@id\":\"https:\/\/enpamira.com\/#website\",\"url\":\"https:\/\/enpamira.com\/\",\"name\":\"Enpa Mira\",\"description\":\"\",\"publisher\":{\"@id\":\"https:\/\/enpamira.com\/#organization\"},\"potentialAction\":[{\"@type\":\"SearchAction\",\"target\":{\"@type\":\"EntryPoint\",\"urlTemplate\":\"https:\/\/enpamira.com\/?s={search_term_string}\"},\"query-input\":{\"@type\":\"PropertyValueSpecification\",\"valueRequired\":true,\"valueName\":\"search_term_string\"}}],\"inLanguage\":\"it-IT\"},{\"@type\":\"Organization\",\"@id\":\"https:\/\/enpamira.com\/#organization\",\"name\":\"Enpa sezione di Mira\",\"url\":\"https:\/\/enpamira.com\/\",\"logo\":{\"@type\":\"ImageObject\",\"inLanguage\":\"it-IT\",\"@id\":\"https:\/\/enpamira.com\/#\/schema\/logo\/image\/\",\"url\":\"https:\/\/enpamira.com\/wp-content\/uploads\/2022\/08\/cropped-664.jpg\",\"contentUrl\":\"https:\/\/enpamira.com\/wp-content\/uploads\/2022\/08\/cropped-664.jpg\",\"width\":115,\"height\":109,\"caption\":\"Enpa sezione di Mira\"},\"image\":{\"@id\":\"https:\/\/enpamira.com\/#\/schema\/logo\/image\/\"},\"sameAs\":[\"https:\/\/www.facebook.com\/Rifugio-ENPA-di-Mira-207730792746844\/\"]}]}<\/script>\n<!-- \/ Yoast SEO plugin. -->","yoast_head_json":{"title":"Home - Enpa Mira","description":"Benvenuti nel sito dell'Ente Nazionale Protezione Animali sezione di Mira.","robots":{"index":"index","follow":"follow","max-snippet":"max-snippet:-1","max-image-preview":"max-image-preview:large","max-video-preview":"max-video-preview:-1"},"canonical":"https:\/\/enpamira.com\/","og_locale":"it_IT","og_type":"article","og_title":"Home - Enpa Mira","og_description":"Benvenuti nel sito dell'Ente Nazionale Protezione Animali sezione di Mira.","og_url":"https:\/\/enpamira.com\/","og_site_name":"Enpa Mira","article_publisher":"https:\/\/www.facebook.com\/Rifugio-ENPA-di-Mira-207730792746844\/","article_modified_time":"2024-09-20T15:20:30+00:00","og_image":[{"url":"https:\/\/enpamira.com\/wp-content\/uploads\/2022\/07\/cropped-ENPA-LOGO.png","type":"","width":"","height":""}],"twitter_card":"summary_large_image","twitter_misc":{"Tempo di lettura stimato":"4 minuti"},"schema":{"@context":"https:\/\/schema.org","@graph":[{"@type":"WebPage","@id":"https:\/\/enpamira.com\/","url":"https:\/\/enpamira.com\/","name":"Home - Enpa Mira","isPartOf":{"@id":"https:\/\/enpamira.com\/#website"},"primaryImageOfPage":{"@id":"https:\/\/enpamira.com\/#primaryimage"},"image":{"@id":"https:\/\/enpamira.com\/#primaryimage"},"thumbnailUrl":"https:\/\/enpamira.com\/wp-content\/uploads\/2022\/07\/cropped-ENPA-LOGO.png","datePublished":"2022-08-14T21:03:59+00:00","dateModified":"2024-09-20T15:20:30+00:00","description":"Benvenuti nel sito dell'Ente Nazionale Protezione Animali sezione di Mira.","breadcrumb":{"@id":"https:\/\/enpamira.com\/#breadcrumb"},"inLanguage":"it-IT","potentialAction":[{"@type":"ReadAction","target":["https:\/\/enpamira.com\/"]}]},{"@type":"ImageObject","inLanguage":"it-IT","@id":"https:\/\/enpamira.com\/#primaryimage","url":"https:\/\/enpamira.com\/wp-content\/uploads\/2022\/07\/cropped-ENPA-LOGO.png","contentUrl":"https:\/\/enpamira.com\/wp-content\/uploads\/2022\/07\/cropped-ENPA-LOGO.png","width":512,"height":512},{"@type":"BreadcrumbList","@id":"https:\/\/enpamira.com\/#breadcrumb","itemListElement":[{"@type":"ListItem","position":1,"name":"Home","item":"https:\/\/enpamira.com\/"},{"@type":"ListItem","position":2,"name":"Home"}]},{"@type":"WebSite","@id":"https:\/\/enpamira.com\/#website","url":"https:\/\/enpamira.com\/","name":"Enpa Mira","description":"","publisher":{"@id":"https:\/\/enpamira.com\/#organization"},"potentialAction":[{"@type":"SearchAction","target":{"@type":"EntryPoint","urlTemplate":"https:\/\/enpamira.com\/?s={search_term_string}"},"query-input":{"@type":"PropertyValueSpecification","valueRequired":true,"valueName":"search_term_string"}}],"inLanguage":"it-IT"},{"@type":"Organization","@id":"https:\/\/enpamira.com\/#organization","name":"Enpa sezione di Mira","url":"https:\/\/enpamira.com\/","logo":{"@type":"ImageObject","inLanguage":"it-IT","@id":"https:\/\/enpamira.com\/#\/schema\/logo\/image\/","url":"https:\/\/enpamira.com\/wp-content\/uploads\/2022\/08\/cropped-664.jpg","contentUrl":"https:\/\/enpamira.com\/wp-content\/uploads\/2022\/08\/cropped-664.jpg","width":115,"height":109,"caption":"Enpa sezione di Mira"},"image":{"@id":"https:\/\/enpamira.com\/#\/schema\/logo\/image\/"},"sameAs":["https:\/\/www.facebook.com\/Rifugio-ENPA-di-Mira-207730792746844\/"]}]}},"jetpack_sharing_enabled":true,"_links":{"self":[{"href":"https:\/\/enpamira.com\/index.php\/wp-json\/wp\/v2\/pages\/378","targetHints":{"allow":["GET"]}}],"collection":[{"href":"https:\/\/enpamira.com\/index.php\/wp-json\/wp\/v2\/pages"}],"about":[{"href":"https:\/\/enpamira.com\/index.php\/wp-json\/wp\/v2\/types\/page"}],"author":[{"embeddable":true,"href":"https:\/\/enpamira.com\/index.php\/wp-json\/wp\/v2\/users\/1"}],"replies":[{"embeddable":true,"href":"https:\/\/enpamira.com\/index.php\/wp-json\/wp\/v2\/comments?post=378"}],"version-history":[{"count":46,"href":"https:\/\/enpamira.com\/index.php\/wp-json\/wp\/v2\/pages\/378\/revisions"}],"predecessor-version":[{"id":1459,"href":"https:\/\/enpamira.com\/index.php\/wp-json\/wp\/v2\/pages\/378\/revisions\/1459"}],"wp:attachment":[{"href":"https:\/\/enpamira.com\/index.php\/wp-json\/wp\/v2\/media?parent=378"}],"curies":[{"name":"wp","href":"https:\/\/api.w.org\/{rel}","templated":true}]}}